{"id":598,"date":"2022-03-10T13:50:18","date_gmt":"2022-03-10T13:50:18","guid":{"rendered":"https:\/\/svp-erlinsbach-ag.ch\/?page_id=598"},"modified":"2025-03-19T20:32:07","modified_gmt":"2025-03-19T19:32:07","slug":"vorstand1","status":"publish","type":"page","link":"https:\/\/svp-erlinsbach-ag.ch\/?page_id=598","title":{"rendered":"Vorstand"},"content":{"rendered":"<div id=\"fb-root\"><\/div>\n\t\t<div data-elementor-type=\"wp-page\" data-elementor-id=\"598\" class=\"elementor elementor-598\" data-elementor-post-type=\"page\">\n\t\t\t\t\t\t<section class=\"elementor-section elementor-top-section elementor-element elementor-element-21fe02f elementor-section-boxed elementor-section-height-default elementor-section-height-default\" data-id=\"21fe02f\" data-element_type=\"section\" data-e-type=\"section\">\n\t\t\t\t\t\t<div class=\"elementor-container elementor-column-gap-default\">\n\t\t\t\t\t<div class=\"elementor-column elementor-col-25 elementor-top-column elementor-element elementor-element-8f8eaa4\" data-id=\"8f8eaa4\" data-element_type=\"column\" data-e-type=\"column\">\n\t\t\t<div class=\"elementor-widget-wrap elementor-element-populated\">\n\t\t\t\t\t\t<div class=\"elementor-element elementor-element-01e93b2 elementor-widget elementor-widget-image\" data-id=\"01e93b2\" data-element_type=\"widget\" data-e-type=\"widget\" data-widget_type=\"image.default\">\n\t\t\t\t<div class=\"elementor-widget-container\">\n\t\t\t\t\t\t\t\t\t\t\t\t\t\t\t<img decoding=\"async\" src=\"https:\/\/svp-erlinsbach-ag.ch\/wp-content\/uploads\/elementor\/thumbs\/Mario-Tanner-Portrait-1-qjgrk0oedeidp1zp0k4c4qbd73nqx5r3cv49y6khb4.jpg\" title=\"Mario Tanner Portrait\" alt=\"Mario Tanner Portrait\" loading=\"lazy\" \/>\t\t\t\t\t\t\t\t\t\t\t\t\t\t\t<\/div>\n\t\t\t\t<\/div>\n\t\t\t\t\t<\/div>\n\t\t<\/div>\n\t\t\t\t<div class=\"elementor-column elementor-col-25 elementor-top-column elementor-element elementor-element-7347a1b\" data-id=\"7347a1b\" data-element_type=\"column\" data-e-type=\"column\">\n\t\t\t<div class=\"elementor-widget-wrap elementor-element-populated\">\n\t\t\t\t\t\t<div class=\"elementor-element elementor-element-5661484 elementor-widget elementor-widget-text-editor\" data-id=\"5661484\" data-element_type=\"widget\" data-e-type=\"widget\" data-widget_type=\"text-editor.default\">\n\t\t\t\t<div class=\"elementor-widget-container\">\n\t\t\t\t\t\t\t\t\t<h6>Pr\u00e4sident<\/h6><h5>Mario Tanner<\/h5><p><a href=\"mailto:mtanner@simata.ch\">Mail<\/a><\/p>\t\t\t\t\t\t\t\t<\/div>\n\t\t\t\t<\/div>\n\t\t\t\t\t<\/div>\n\t\t<\/div>\n\t\t\t\t<div class=\"elementor-column elementor-col-25 elementor-top-column elementor-element elementor-element-4d95036\" data-id=\"4d95036\" data-element_type=\"column\" data-e-type=\"column\">\n\t\t\t<div class=\"elementor-widget-wrap elementor-element-populated\">\n\t\t\t\t\t\t<div class=\"elementor-element elementor-element-27ebd64 elementor-widget elementor-widget-image\" data-id=\"27ebd64\" data-element_type=\"widget\" data-e-type=\"widget\" data-widget_type=\"image.default\">\n\t\t\t\t<div class=\"elementor-widget-container\">\n\t\t\t\t\t\t\t\t\t\t\t\t\t\t\t<img decoding=\"async\" width=\"176\" height=\"264\" src=\"https:\/\/svp-erlinsbach-ag.ch\/wp-content\/uploads\/2022\/06\/Kusi1.png\" class=\"attachment-full size-full wp-image-744\" alt=\"\" \/>\t\t\t\t\t\t\t\t\t\t\t\t\t\t\t<\/div>\n\t\t\t\t<\/div>\n\t\t\t\t\t<\/div>\n\t\t<\/div>\n\t\t\t\t<div class=\"elementor-column elementor-col-25 elementor-top-column elementor-element elementor-element-fc161d8\" data-id=\"fc161d8\" data-element_type=\"column\" data-e-type=\"column\">\n\t\t\t<div class=\"elementor-widget-wrap elementor-element-populated\">\n\t\t\t\t\t\t<div class=\"elementor-element elementor-element-d454323 elementor-widget elementor-widget-text-editor\" data-id=\"d454323\" data-element_type=\"widget\" data-e-type=\"widget\" data-widget_type=\"text-editor.default\">\n\t\t\t\t<div class=\"elementor-widget-container\">\n\t\t\t\t\t\t\t\t\t<h6>Vizepr\u00e4sident<\/h6><h5>Markus<br \/>L\u00fcthy<\/h5><p><a href=\"mailto:markus.luethy@ag.ch\">Mail<\/a><\/p>\t\t\t\t\t\t\t\t<\/div>\n\t\t\t\t<\/div>\n\t\t\t\t\t<\/div>\n\t\t<\/div>\n\t\t\t\t\t<\/div>\n\t\t<\/section>\n\t\t\t\t<section class=\"elementor-section elementor-top-section elementor-element elementor-element-2d2df2a elementor-section-boxed elementor-section-height-default elementor-section-height-default\" data-id=\"2d2df2a\" data-element_type=\"section\" data-e-type=\"section\">\n\t\t\t\t\t\t<div class=\"elementor-container elementor-column-gap-default\">\n\t\t\t\t\t<div class=\"elementor-column elementor-col-25 elementor-top-column elementor-element elementor-element-c359b86\" data-id=\"c359b86\" data-element_type=\"column\" data-e-type=\"column\">\n\t\t\t<div class=\"elementor-widget-wrap elementor-element-populated\">\n\t\t\t\t\t\t<div class=\"elementor-element elementor-element-912620d elementor-widget elementor-widget-image\" data-id=\"912620d\" data-element_type=\"widget\" data-e-type=\"widget\" data-widget_type=\"image.default\">\n\t\t\t\t<div class=\"elementor-widget-container\">\n\t\t\t\t\t\t\t\t\t\t\t\t\t\t\t<img decoding=\"async\" src=\"https:\/\/svp-erlinsbach-ag.ch\/wp-content\/uploads\/2021\/06\/Edy4-scaled-e1622818073155-300x400.jpg\" title=\"Edy Bircher\" alt=\"Edy Bircher\" loading=\"lazy\" \/>\t\t\t\t\t\t\t\t\t\t\t\t\t\t\t<\/div>\n\t\t\t\t<\/div>\n\t\t\t\t\t<\/div>\n\t\t<\/div>\n\t\t\t\t<div class=\"elementor-column elementor-col-25 elementor-top-column elementor-element elementor-element-9eb842e\" data-id=\"9eb842e\" data-element_type=\"column\" data-e-type=\"column\">\n\t\t\t<div class=\"elementor-widget-wrap elementor-element-populated\">\n\t\t\t\t\t\t<div class=\"elementor-element elementor-element-dee8ac6 elementor-widget elementor-widget-text-editor\" data-id=\"dee8ac6\" data-element_type=\"widget\" data-e-type=\"widget\" data-widget_type=\"text-editor.default\">\n\t\t\t\t<div class=\"elementor-widget-container\">\n\t\t\t\t\t\t\t\t\t<h6>Beisitz \/\u00a0<br \/>Gemeinderat<\/h6><h5>Edy <br \/>Bircher<\/h5><p><a href=\"mailto:e.bircher@yetnet.ch\">Mail<\/a><\/p>\t\t\t\t\t\t\t\t<\/div>\n\t\t\t\t<\/div>\n\t\t\t\t\t<\/div>\n\t\t<\/div>\n\t\t\t\t<div class=\"elementor-column elementor-col-25 elementor-top-column elementor-element elementor-element-97bd299\" data-id=\"97bd299\" data-element_type=\"column\" data-e-type=\"column\">\n\t\t\t<div class=\"elementor-widget-wrap elementor-element-populated\">\n\t\t\t\t\t\t<div class=\"elementor-element elementor-element-944e6a9 elementor-widget elementor-widget-image\" data-id=\"944e6a9\" data-element_type=\"widget\" data-e-type=\"widget\" data-widget_type=\"image.default\">\n\t\t\t\t<div class=\"elementor-widget-container\">\n\t\t\t\t\t\t\t\t\t\t\t\t\t\t\t<img decoding=\"async\" src=\"https:\/\/svp-erlinsbach-ag.ch\/wp-content\/uploads\/2021\/06\/DSC_1402-300x400.jpg\" title=\"DSC_1402\" alt=\"DSC_1402\" loading=\"lazy\" \/>\t\t\t\t\t\t\t\t\t\t\t\t\t\t\t<\/div>\n\t\t\t\t<\/div>\n\t\t\t\t\t<\/div>\n\t\t<\/div>\n\t\t\t\t<div class=\"elementor-column elementor-col-25 elementor-top-column elementor-element elementor-element-46c6fc9\" data-id=\"46c6fc9\" data-element_type=\"column\" data-e-type=\"column\">\n\t\t\t<div class=\"elementor-widget-wrap elementor-element-populated\">\n\t\t\t\t\t\t<div class=\"elementor-element elementor-element-6ca5965 elementor-widget elementor-widget-text-editor\" data-id=\"6ca5965\" data-element_type=\"widget\" data-e-type=\"widget\" data-widget_type=\"text-editor.default\">\n\t\t\t\t<div class=\"elementor-widget-container\">\n\t\t\t\t\t\t\t\t\t<h6>Kasse<\/h6><h5>Sabrina Heller<\/h5>\t\t\t\t\t\t\t\t<\/div>\n\t\t\t\t<\/div>\n\t\t\t\t\t<\/div>\n\t\t<\/div>\n\t\t\t\t\t<\/div>\n\t\t<\/section>\n\t\t\t\t<section class=\"elementor-section elementor-top-section elementor-element elementor-element-10e74cf elementor-section-boxed elementor-section-height-default elementor-section-height-default\" data-id=\"10e74cf\" data-element_type=\"section\" data-e-type=\"section\">\n\t\t\t\t\t\t<div class=\"elementor-container elementor-column-gap-default\">\n\t\t\t\t\t<div class=\"elementor-column elementor-col-25 elementor-top-column elementor-element elementor-element-dbbbb2b\" data-id=\"dbbbb2b\" data-element_type=\"column\" data-e-type=\"column\">\n\t\t\t<div class=\"elementor-widget-wrap elementor-element-populated\">\n\t\t\t\t\t\t<div class=\"elementor-element elementor-element-1b60791 elementor-widget elementor-widget-image\" data-id=\"1b60791\" data-element_type=\"widget\" data-e-type=\"widget\" data-widget_type=\"image.default\">\n\t\t\t\t<div class=\"elementor-widget-container\">\n\t\t\t\t\t\t\t\t\t\t\t\t\t\t\t<img decoding=\"async\" src=\"https:\/\/svp-erlinsbach-ag.ch\/wp-content\/uploads\/elementor\/thumbs\/Foto-Rene-Bircher-e1656570251170-pr2b8zlmooz7wqgs98h3me3flenkw3m3l1njyopgqe.jpg\" title=\"Foto Ren\u00e9 Bircher\" alt=\"Foto Ren\u00e9 Bircher\" loading=\"lazy\" \/>\t\t\t\t\t\t\t\t\t\t\t\t\t\t\t<\/div>\n\t\t\t\t<\/div>\n\t\t\t\t\t<\/div>\n\t\t<\/div>\n\t\t\t\t<div class=\"elementor-column elementor-col-25 elementor-top-column elementor-element elementor-element-f9ddb86\" data-id=\"f9ddb86\" data-element_type=\"column\" data-e-type=\"column\">\n\t\t\t<div class=\"elementor-widget-wrap elementor-element-populated\">\n\t\t\t\t\t\t<div class=\"elementor-element elementor-element-41c11c6 elementor-widget elementor-widget-text-editor\" data-id=\"41c11c6\" data-element_type=\"widget\" data-e-type=\"widget\" data-widget_type=\"text-editor.default\">\n\t\t\t\t<div class=\"elementor-widget-container\">\n\t\t\t\t\t\t\t\t\t<h6 style=\"font-variant-ligatures: normal; font-variant-caps: normal; font-style: normal;\">Beisitz \/Plakate<\/h6><h5 style=\"font-variant-ligatures: normal; font-variant-caps: normal; font-style: normal;\">Ren\u00e9 <br \/>Bircher<\/h5>\t\t\t\t\t\t\t\t<\/div>\n\t\t\t\t<\/div>\n\t\t\t\t\t<\/div>\n\t\t<\/div>\n\t\t\t\t<div class=\"elementor-column elementor-col-25 elementor-top-column elementor-element elementor-element-1b14ec7\" data-id=\"1b14ec7\" data-element_type=\"column\" data-e-type=\"column\">\n\t\t\t<div class=\"elementor-widget-wrap elementor-element-populated\">\n\t\t\t\t\t\t<div class=\"elementor-element elementor-element-7757ff5 elementor-widget elementor-widget-image\" data-id=\"7757ff5\" data-element_type=\"widget\" data-e-type=\"widget\" data-widget_type=\"image.default\">\n\t\t\t\t<div class=\"elementor-widget-container\">\n\t\t\t\t\t\t\t\t\t\t\t\t\t\t\t<img fetchpriority=\"high\" decoding=\"async\" width=\"323\" height=\"380\" src=\"https:\/\/svp-erlinsbach-ag.ch\/wp-content\/uploads\/2023\/07\/Dominik-Rohrer-e1707320394186.png\" class=\"attachment-medium_large size-medium_large wp-image-848\" alt=\"\" srcset=\"https:\/\/svp-erlinsbach-ag.ch\/wp-content\/uploads\/2023\/07\/Dominik-Rohrer-e1707320394186.png 323w, https:\/\/svp-erlinsbach-ag.ch\/wp-content\/uploads\/2023\/07\/Dominik-Rohrer-e1707320394186-255x300.png 255w\" sizes=\"(max-width: 323px) 100vw, 323px\" \/>\t\t\t\t\t\t\t\t\t\t\t\t\t\t\t<\/div>\n\t\t\t\t<\/div>\n\t\t\t\t\t<\/div>\n\t\t<\/div>\n\t\t\t\t<div class=\"elementor-column elementor-col-25 elementor-top-column elementor-element elementor-element-2711b18\" data-id=\"2711b18\" data-element_type=\"column\" data-e-type=\"column\">\n\t\t\t<div class=\"elementor-widget-wrap elementor-element-populated\">\n\t\t\t\t\t\t<div class=\"elementor-element elementor-element-06377d9 elementor-widget elementor-widget-text-editor\" data-id=\"06377d9\" data-element_type=\"widget\" data-e-type=\"widget\" data-widget_type=\"text-editor.default\">\n\t\t\t\t<div class=\"elementor-widget-container\">\n\t\t\t\t\t\t\t\t\t<h6 style=\"font-variant-ligatures: normal; font-variant-caps: normal; font-style: normal;\">Aktuar<\/h6><h5 style=\"font-variant-ligatures: normal; font-variant-caps: normal; font-style: normal;\">Dominik Rohrer<\/h5>\t\t\t\t\t\t\t\t<\/div>\n\t\t\t\t<\/div>\n\t\t\t\t\t<\/div>\n\t\t<\/div>\n\t\t\t\t\t<\/div>\n\t\t<\/section>\n\t\t\t\t<\/div>\n\t\t","protected":false},"excerpt":{"rendered":"<p>Pr\u00e4sident Mario Tanner Mail Vizepr\u00e4sident MarkusL\u00fcthy Mail Beisitz \/\u00a0Gemeinderat Edy Bircher Mail Kasse Sabrina Heller Beisitz \/Plakate Ren\u00e9 Bircher Aktuar<\/p>\n","protected":false},"author":1,"featured_media":0,"parent":0,"menu_order":0,"comment_status":"closed","ping_status":"closed","template":"","meta":{"colormag_page_container_layout":"default_layout","colormag_page_sidebar_layout":"default_layout","footnotes":""},"class_list":["post-598","page","type-page","status-publish","hentry"],"_links":{"self":[{"href":"https:\/\/svp-erlinsbach-ag.ch\/index.php?rest_route=\/wp\/v2\/pages\/598","targetHints":{"allow":["GET"]}}],"collection":[{"href":"https:\/\/svp-erlinsbach-ag.ch\/index.php?rest_route=\/wp\/v2\/pages"}],"about":[{"href":"https:\/\/svp-erlinsbach-ag.ch\/index.php?rest_route=\/wp\/v2\/types\/page"}],"author":[{"embeddable":true,"href":"https:\/\/svp-erlinsbach-ag.ch\/index.php?rest_route=\/wp\/v2\/users\/1"}],"replies":[{"embeddable":true,"href":"https:\/\/svp-erlinsbach-ag.ch\/index.php?rest_route=%2Fwp%2Fv2%2Fcomments&post=598"}],"version-history":[{"count":45,"href":"https:\/\/svp-erlinsbach-ag.ch\/index.php?rest_route=\/wp\/v2\/pages\/598\/revisions"}],"predecessor-version":[{"id":1252,"href":"https:\/\/svp-erlinsbach-ag.ch\/index.php?rest_route=\/wp\/v2\/pages\/598\/revisions\/1252"}],"wp:attachment":[{"href":"https:\/\/svp-erlinsbach-ag.ch\/index.php?rest_route=%2Fwp%2Fv2%2Fmedia&parent=598"}],"curies":[{"name":"wp","href":"https:\/\/api.w.org\/{rel}","templated":true}]}}